{"id":6043,"date":"2023-04-19T11:19:11","date_gmt":"2023-04-19T14:19:11","guid":{"rendered":"https:\/\/www.ucisperuanas.com\/?page_id=6043"},"modified":"2023-05-18T12:01:14","modified_gmt":"2023-05-18T15:01:14","slug":"sopemi","status":"publish","type":"page","link":"https:\/\/www.ucisperuanas.com\/pt-br\/sopemi\/","title":{"rendered":"SOPEMI"},"content":{"rendered":"\t\t<div data-elementor-type=\"wp-page\" data-elementor-id=\"6043\" class=\"elementor elementor-6043 elementor-6041\">\n\t\t\t\t\t\t\t\t\t<section class=\"elementor-section elementor-top-section elementor-element elementor-element-2e8b1fb elementor-section-boxed elementor-section-height-default elementor-section-height-default\" data-id=\"2e8b1fb\" data-element_type=\"section\">\n\t\t\t\t\t\t<div class=\"elementor-container elementor-column-gap-default\">\n\t\t\t\t\t<div class=\"elementor-column elementor-col-100 elementor-top-column elementor-element elementor-element-9c61011\" data-id=\"9c61011\" data-element_type=\"column\">\n\t\t\t<div class=\"elementor-widget-wrap elementor-element-populated\">\n\t\t\t\t\t\t\t\t<div class=\"elementor-element elementor-element-60755bf elementor-widget elementor-widget-spacer\" data-id=\"60755bf\" data-element_type=\"widget\" data-widget_type=\"spacer.default\">\n\t\t\t\t<div class=\"elementor-widget-container\">\n\t\t\t<style>\/*! elementor - v3.12.1 - 02-04-2023 *\/\n.elementor-column .elementor-spacer-inner{height:var(--spacer-size)}.e-con{--container-widget-width:100%}.e-con-inner>.elementor-widget-spacer,.e-con>.elementor-widget-spacer{width:var(--container-widget-width,var(--spacer-size));--align-self:var(--container-widget-align-self,initial);--flex-shrink:0}.e-con-inner>.elementor-widget-spacer>.elementor-widget-container,.e-con-inner>.elementor-widget-spacer>.elementor-widget-container>.elementor-spacer,.e-con>.elementor-widget-spacer>.elementor-widget-container,.e-con>.elementor-widget-spacer>.elementor-widget-container>.elementor-spacer{height:100%}.e-con-inner>.elementor-widget-spacer>.elementor-widget-container>.elementor-spacer>.elementor-spacer-inner,.e-con>.elementor-widget-spacer>.elementor-widget-container>.elementor-spacer>.elementor-spacer-inner{height:var(--container-widget-height,var(--spacer-size))}<\/style>\t\t<div class=\"elementor-spacer\">\n\t\t\t<div class=\"elementor-spacer-inner\"><\/div>\n\t\t<\/div>\n\t\t\t\t<\/div>\n\t\t\t\t<\/div>\n\t\t\t\t\t<\/div>\n\t\t<\/div>\n\t\t\t\t\t\t\t<\/div>\n\t\t<\/section>\n\t\t\t\t<section class=\"elementor-section elementor-top-section elementor-element elementor-element-83ef479 elementor-section-boxed elementor-section-height-default elementor-section-height-default\" data-id=\"83ef479\" data-element_type=\"section\" data-settings=\"{&quot;background_background&quot;:&quot;slideshow&quot;,&quot;background_slideshow_gallery&quot;:[],&quot;background_slideshow_loop&quot;:&quot;yes&quot;,&quot;background_slideshow_slide_duration&quot;:5000,&quot;background_slideshow_slide_transition&quot;:&quot;fade&quot;,&quot;background_slideshow_transition_duration&quot;:500}\">\n\t\t\t\t\t\t\t<div class=\"elementor-background-overlay\"><\/div>\n\t\t\t\t\t\t\t<div class=\"elementor-container elementor-column-gap-default\">\n\t\t\t\t\t<div class=\"elementor-column elementor-col-33 elementor-top-column elementor-element elementor-element-9db02b3\" data-id=\"9db02b3\" data-element_type=\"column\">\n\t\t\t<div class=\"elementor-widget-wrap elementor-element-populated\">\n\t\t\t\t\t\t\t\t<div class=\"elementor-element elementor-element-67ea12a elementor-widget elementor-widget-heading\" data-id=\"67ea12a\" data-element_type=\"widget\" data-widget_type=\"heading.default\">\n\t\t\t\t<div class=\"elementor-widget-container\">\n\t\t\t<style>\/*! elementor - v3.12.1 - 02-04-2023 *\/\n.elementor-heading-title{padding:0;margin:0;line-height:1}.elementor-widget-heading .elementor-heading-title[class*=elementor-size-]>a{color:inherit;font-size:inherit;line-height:inherit}.elementor-widget-heading .elementor-heading-title.elementor-size-small{font-size:15px}.elementor-widget-heading .elementor-heading-title.elementor-size-medium{font-size:19px}.elementor-widget-heading .elementor-heading-title.elementor-size-large{font-size:29px}.elementor-widget-heading .elementor-heading-title.elementor-size-xl{font-size:39px}.elementor-widget-heading .elementor-heading-title.elementor-size-xxl{font-size:59px}<\/style><h1 class=\"elementor-heading-title elementor-size-large\">Sociedade Peruana de Medicina Intensiva (SOPEMI)<\/h1>\t\t<\/div>\n\t\t\t\t<\/div>\n\t\t\t\t<div class=\"elementor-element elementor-element-44cd38a elementor-widget elementor-widget-text-editor\" data-id=\"44cd38a\" data-element_type=\"widget\" data-widget_type=\"text-editor.default\">\n\t\t\t\t<div class=\"elementor-widget-container\">\n\t\t\t<style>\/*! elementor - v3.12.1 - 02-04-2023 *\/\n.elementor-widget-text-editor.elementor-drop-cap-view-stacked .elementor-drop-cap{background-color:#69727d;color:#fff}.elementor-widget-text-editor.elementor-drop-cap-view-framed .elementor-drop-cap{color:#69727d;border:3px solid;background-color:transparent}.elementor-widget-text-editor:not(.elementor-drop-cap-view-default) .elementor-drop-cap{margin-top:8px}.elementor-widget-text-editor:not(.elementor-drop-cap-view-default) .elementor-drop-cap-letter{width:1em;height:1em}.elementor-widget-text-editor .elementor-drop-cap{float:left;text-align:center;line-height:1;font-size:50px}.elementor-widget-text-editor .elementor-drop-cap-letter{display:inline-block}<\/style>\t\t\t\t<p>A Sociedade Peruana de Medicina Intensiva (&#8220;SOPEMI&#8221;) \u00e9 uma entidade m\u00e9dica cient\u00edfica sem fins lucrativos que re\u00fane profissionais de sa\u00fade, cuja atividade est\u00e1 relacionada \u00e0 Medicina Intensiva.<\/p><p>A SOPEMI foi fundada em 8 de junho de 1988 e reconhecida no Registro P\u00fablico em 16 de mar\u00e7o de 1993. Tamb\u00e9m \u00e9 afiliada \u00e0 Federa\u00e7\u00e3o Pan-Americana e Ib\u00e9rica de Medicina Cr\u00edtica e Terapia Intensiva (FEPIMCTI) e \u00e0 Federa\u00e7\u00e3o Mundial das Sociedades de Medicina Intensiva e de Cuidados Intensivos (WFSICCM).<\/p><p>Para saber mais, acesse: <a href=\"https:\/\/sopemi.org.pe\/\" target=\"_blank\" rel=\"noopener\">www.sopemi.org.pe<\/a><\/p>\t\t\t\t\t\t<\/div>\n\t\t\t\t<\/div>\n\t\t\t\t\t<\/div>\n\t\t<\/div>\n\t\t\t\t<div class=\"elementor-column elementor-col-66 elementor-top-column elementor-element elementor-element-6e74ff5\" data-id=\"6e74ff5\" data-element_type=\"column\">\n\t\t\t<div class=\"elementor-widget-wrap elementor-element-populated\">\n\t\t\t\t\t\t\t\t<div class=\"elementor-element elementor-element-bd7fb10 elementor-widget elementor-widget-image\" data-id=\"bd7fb10\" data-element_type=\"widget\" data-widget_type=\"image.default\">\n\t\t\t\t<div class=\"elementor-widget-container\">\n\t\t\t<style>\/*! elementor - v3.12.1 - 02-04-2023 *\/\n.elementor-widget-image{text-align:center}.elementor-widget-image a{display:inline-block}.elementor-widget-image a img[src$=\".svg\"]{width:48px}.elementor-widget-image img{vertical-align:middle;display:inline-block}<\/style>\t\t\t\t\t\t\t\t\t\t\t\t<img decoding=\"async\" loading=\"lazy\" width=\"1024\" height=\"377\" src=\"https:\/\/www.ucisperuanas.com\/wp-content\/uploads\/2023\/04\/logo-sopemi-grande-1.png\" class=\"attachment-large size-large wp-image-6053\" alt=\"\" srcset=\"https:\/\/www.ucisperuanas.com\/wp-content\/uploads\/2023\/04\/logo-sopemi-grande-1.png 1024w, https:\/\/www.ucisperuanas.com\/wp-content\/uploads\/2023\/04\/logo-sopemi-grande-1-300x110.png 300w, https:\/\/www.ucisperuanas.com\/wp-content\/uploads\/2023\/04\/logo-sopemi-grande-1-768x283.png 768w\" sizes=\"(max-width: 1024px) 100vw, 1024px\" \/>\t\t\t\t\t\t\t\t\t\t\t\t\t\t\t<\/div>\n\t\t\t\t<\/div>\n\t\t\t\t\t<\/div>\n\t\t<\/div>\n\t\t\t\t\t\t\t<\/div>\n\t\t<\/section>\n\t\t\t\t<section class=\"elementor-section elementor-top-section elementor-element elementor-element-8c95d26 elementor-section-boxed elementor-section-height-default elementor-section-height-default\" data-id=\"8c95d26\" data-element_type=\"section\">\n\t\t\t\t\t\t<div class=\"elementor-container elementor-column-gap-default\">\n\t\t\t\t\t<div class=\"elementor-column elementor-col-33 elementor-top-column elementor-element elementor-element-b673b0e\" data-id=\"b673b0e\" data-element_type=\"column\">\n\t\t\t<div class=\"elementor-widget-wrap elementor-element-populated\">\n\t\t\t\t\t\t\t\t<div class=\"elementor-element elementor-element-65f415d elementor-widget elementor-widget-spacer\" data-id=\"65f415d\" data-element_type=\"widget\" data-widget_type=\"spacer.default\">\n\t\t\t\t<div class=\"elementor-widget-container\">\n\t\t\t\t\t<div class=\"elementor-spacer\">\n\t\t\t<div class=\"elementor-spacer-inner\"><\/div>\n\t\t<\/div>\n\t\t\t\t<\/div>\n\t\t\t\t<\/div>\n\t\t\t\t<div class=\"elementor-element elementor-element-d11cbec elementor-widget elementor-widget-heading\" data-id=\"d11cbec\" data-element_type=\"widget\" data-widget_type=\"heading.default\">\n\t\t\t\t<div class=\"elementor-widget-container\">\n\t\t\t<h2 class=\"elementor-heading-title elementor-size-default\">Objetivos da SOPEMI s\u00e3o:<\/h2>\t\t<\/div>\n\t\t\t\t<\/div>\n\t\t\t\t<div class=\"elementor-element elementor-element-6057437 elementor-widget elementor-widget-spacer\" data-id=\"6057437\" data-element_type=\"widget\" data-widget_type=\"spacer.default\">\n\t\t\t\t<div class=\"elementor-widget-container\">\n\t\t\t\t\t<div class=\"elementor-spacer\">\n\t\t\t<div class=\"elementor-spacer-inner\"><\/div>\n\t\t<\/div>\n\t\t\t\t<\/div>\n\t\t\t\t<\/div>\n\t\t\t\t<div class=\"elementor-element elementor-element-2aef4ad elementor-widget elementor-widget-tf-list\" data-id=\"2aef4ad\" data-element_type=\"widget\" data-widget_type=\"tf-list.default\">\n\t\t\t\t<div class=\"elementor-widget-container\">\n\t\t\t<div id=\"tf-list-2aef4ad\" class=\"tf-list\" data-tabid=\"2aef4ad\"> \r\n\t\t\t\t<div class=\"item-list\">\r\n\t\t\t\t\t\t\t\t\t<div class=\"before-title\"> 01 <\/div>\r\n\t\t\t\t\t\t\t\t\t<div class=\"content\"> <div class=\"text\">Agregar m\u00e9dicos da especialidade de medicina intensiva e m\u00e9dicos que trabalham em \u00e1reas de cuidados intensivos.\n<\/div><\/div>\r\n\t\t\t\t\t\t\t\t<\/div><div class=\"item-list\">\r\n\t\t\t\t\t\t\t\t\t<div class=\"before-title\"> 02 <\/div>\r\n\t\t\t\t\t\t\t\t\t<div class=\"content\"> <div class=\"text\">Promover e desenvolver a medicina intensiva no pa\u00eds, atrav\u00e9s do conhecimento, investiga\u00e7\u00e3o, divulga\u00e7\u00e3o a n\u00edvel nacional e internacional, ensino t\u00e9cnico especializado e outras atividades dos servi\u00e7os de sa\u00fade, relacionadas com cuidados intensivos, em todo o territ\u00f3rio nacional, promovendo os canais necess\u00e1rios para sua proje\u00e7\u00e3o internacional.<\/div><\/div>\r\n\t\t\t\t\t\t\t\t<\/div><div class=\"item-list\">\r\n\t\t\t\t\t\t\t\t\t<div class=\"before-title\"> 03 <\/div>\r\n\t\t\t\t\t\t\t\t\t<div class=\"content\"> <div class=\"text\">Promover o desenvolvimento cient\u00edfico e gerencial para o melhor funcionamento dos servi\u00e7os nas \u00e1reas cr\u00edticas.<\/div><\/div>\r\n\t\t\t\t\t\t\t\t<\/div><div class=\"item-list\">\r\n\t\t\t\t\t\t\t\t\t<div class=\"before-title\"> 04 <\/div>\r\n\t\t\t\t\t\t\t\t\t<div class=\"content\"> <div class=\"text\">Tornar-se um assessor t\u00e9cnico para regulamenta\u00e7\u00f5es, laudos periciais e laudos t\u00e9cnicos, relacionados \u00e0 medicina intensiva no pa\u00eds.<\/div><\/div>\r\n\t\t\t\t\t\t\t\t<\/div><div class=\"item-list\">\r\n\t\t\t\t\t\t\t\t\t<div class=\"before-title\"> 05 <\/div>\r\n\t\t\t\t\t\t\t\t\t<div class=\"content\"> <div class=\"text\">Participar ativamente nas atividades de promo\u00e7\u00e3o e recertifica\u00e7\u00e3o do especialista em medicina intensiva.<\/div><\/div>\r\n\t\t\t\t\t\t\t\t<\/div><div class=\"item-list\">\r\n\t\t\t\t\t\t\t\t\t<div class=\"before-title\"> 06 <\/div>\r\n\t\t\t\t\t\t\t\t\t<div class=\"content\"> <div class=\"text\">Promover e desenvolver o interc\u00e2mbio m\u00e9dico cient\u00edfico a n\u00edvel local, nacional e internacional, bem como a informa\u00e7\u00e3o e educa\u00e7\u00e3o sanit\u00e1ria na \u00e1rea da especialidade.<\/div><\/div>\r\n\t\t\t\t\t\t\t\t<\/div><div class=\"item-list\">\r\n\t\t\t\t\t\t\t\t\t<div class=\"before-title\"> 07 <\/div>\r\n\t\t\t\t\t\t\t\t\t<div class=\"content\"> <div class=\"text\">Contribuir para a formula\u00e7\u00e3o, implementa\u00e7\u00e3o e divulga\u00e7\u00e3o das Pol\u00edticas de Sa\u00fade na \u00e1rea da especialidade.<\/div><\/div>\r\n\t\t\t\t\t\t\t\t<\/div>                \r\n            <\/div>\t\t<\/div>\n\t\t\t\t<\/div>\n\t\t\t\t\t<\/div>\n\t\t<\/div>\n\t\t\t\t<div class=\"elementor-column elementor-col-33 elementor-top-column elementor-element elementor-element-b50824c\" data-id=\"b50824c\" data-element_type=\"column\">\n\t\t\t<div class=\"elementor-widget-wrap\">\n\t\t\t\t\t\t\t\t\t<\/div>\n\t\t<\/div>\n\t\t\t\t<div class=\"elementor-column elementor-col-33 elementor-top-column elementor-element elementor-element-e3e287e\" data-id=\"e3e287e\" data-element_type=\"column\">\n\t\t\t<div class=\"elementor-widget-wrap elementor-element-populated\">\n\t\t\t\t\t\t\t\t<div class=\"elementor-element elementor-element-8881d96 elementor-widget elementor-widget-spacer\" data-id=\"8881d96\" data-element_type=\"widget\" data-widget_type=\"spacer.default\">\n\t\t\t\t<div class=\"elementor-widget-container\">\n\t\t\t\t\t<div class=\"elementor-spacer\">\n\t\t\t<div class=\"elementor-spacer-inner\"><\/div>\n\t\t<\/div>\n\t\t\t\t<\/div>\n\t\t\t\t<\/div>\n\t\t\t\t<div class=\"elementor-element elementor-element-a039f5e elementor-widget elementor-widget-tf-list\" data-id=\"a039f5e\" data-element_type=\"widget\" data-widget_type=\"tf-list.default\">\n\t\t\t\t<div class=\"elementor-widget-container\">\n\t\t\t<div id=\"tf-list-a039f5e\" class=\"tf-list\" data-tabid=\"a039f5e\"> \r\n\t\t\t\t<div class=\"item-list\">\r\n\t\t\t\t\t\t\t\t\t<div class=\"before-title\"> 08 <\/div>\r\n\t\t\t\t\t\t\t\t\t<div class=\"content\"> <div class=\"text\">Contribuir com suas atividades para o melhor conhecimento e divulga\u00e7\u00e3o do C\u00f3digo de \u00c9tica e Deontologia e colaborar com a Ordem dos M\u00e9dicos do Peru no monitoramento do seu cumprimento.<\/div><\/div>\r\n\t\t\t\t\t\t\t\t<\/div><div class=\"item-list\">\r\n\t\t\t\t\t\t\t\t\t<div class=\"before-title\"> 09 <\/div>\r\n\t\t\t\t\t\t\t\t\t<div class=\"content\"> <div class=\"text\">Propor o perfil ocupacional da \u00e1rea de especialidade e\/ou especialidade relacionada, bem como as compet\u00eancias profissionais.<\/div><\/div>\r\n\t\t\t\t\t\t\t\t<\/div><div class=\"item-list\">\r\n\t\t\t\t\t\t\t\t\t<div class=\"before-title\"> 10 <\/div>\r\n\t\t\t\t\t\t\t\t\t<div class=\"content\"> <div class=\"text\">Elaborar guias de diagn\u00f3stico e tratamentos m\u00e9dicos, de acordo com o \u00e2mbito da especialidade reconhecida.<\/div><\/div>\r\n\t\t\t\t\t\t\t\t<\/div><div class=\"item-list\">\r\n\t\t\t\t\t\t\t\t\t<div class=\"before-title\"> 11 <\/div>\r\n\t\t\t\t\t\t\t\t\t<div class=\"content\"> <div class=\"text\">Promover educa\u00e7\u00e3o m\u00e9dica continuada descentralizada nas regi\u00f5es em coordena\u00e7\u00e3o com a Faculdade de Medicina do Peru.<\/div><\/div>\r\n\t\t\t\t\t\t\t\t<\/div><div class=\"item-list\">\r\n\t\t\t\t\t\t\t\t\t<div class=\"before-title\"> 12 <\/div>\r\n\t\t\t\t\t\t\t\t\t<div class=\"content\"> <div class=\"text\">Promover a incorpora\u00e7\u00e3o de todos os especialistas registrados na Faculdade de Medicina do Peru em sua respectiva Sociedade.<\/div><\/div>\r\n\t\t\t\t\t\t\t\t<\/div><div class=\"item-list\">\r\n\t\t\t\t\t\t\t\t\t<div class=\"before-title\"> 13 <\/div>\r\n\t\t\t\t\t\t\t\t\t<div class=\"content\"> <div class=\"text\">Dar parecer t\u00e9cnico sobre as condi\u00e7\u00f5es do exerc\u00edcio profissional do m\u00e9dico na sua especialidade.<\/div><\/div>\r\n\t\t\t\t\t\t\t\t<\/div><div class=\"item-list\">\r\n\t\t\t\t\t\t\t\t\t<div class=\"before-title\"> 14 <\/div>\r\n\t\t\t\t\t\t\t\t\t<div class=\"content\"> <div class=\"text\">Assegurar a qualidade da assist\u00eancia ao paciente cr\u00edtico.<\/div><\/div>\r\n\t\t\t\t\t\t\t\t<\/div><div class=\"item-list\">\r\n\t\t\t\t\t\t\t\t\t<div class=\"before-title\"> 15 <\/div>\r\n\t\t\t\t\t\t\t\t\t<div class=\"content\"> <div class=\"text\">Organizar e desenvolver filiais e cap\u00edtulos formados por membros que cultivem a disciplina da mesma especialidade.<\/div><\/div>\r\n\t\t\t\t\t\t\t\t<\/div>                \r\n            <\/div>\t\t<\/div>\n\t\t\t\t<\/div>\n\t\t\t\t\t<\/div>\n\t\t<\/div>\n\t\t\t\t\t\t\t<\/div>\n\t\t<\/section>\n\t\t\t\t\t\t\t<\/div>\n\t\t","protected":false},"excerpt":{"rendered":"<p>Sociedade Peruana de Medicina Intensiva (SOPEMI) A Sociedade Peruana de Medicina Intensiva (&#8220;SOPEMI&#8221;) \u00e9 uma entidade m\u00e9dica cient\u00edfica sem fins lucrativos que re\u00fane profissionais de sa\u00fade, cuja [&hellip;]<\/p>\n","protected":false},"author":1,"featured_media":0,"parent":0,"menu_order":0,"comment_status":"closed","ping_status":"closed","template":"tpl\/front-page.php","meta":[],"yoast_head":"<!-- This site is optimized with the Yoast SEO plugin v20.5 - https:\/\/yoast.com\/wordpress\/plugins\/seo\/ -->\r\n<title>SOPEMI - UCIs Peruanas<\/title>\r\n<meta name=\"robots\" content=\"noindex, follow, max-snippet:-1, max-image-preview:large, max-video-preview:-1\" \/>\r\n<meta property=\"og:locale\" content=\"pt_BR\" \/>\r\n<meta property=\"og:type\" content=\"article\" \/>\r\n<meta property=\"og:title\" content=\"SOPEMI - UCIs Peruanas\" \/>\r\n<meta property=\"og:description\" content=\"Sociedade Peruana de Medicina Intensiva (SOPEMI) A Sociedade Peruana de Medicina Intensiva (&#8220;SOPEMI&#8221;) \u00e9 uma entidade m\u00e9dica cient\u00edfica sem fins lucrativos que re\u00fane profissionais de sa\u00fade, cuja [&hellip;]\" \/>\r\n<meta property=\"og:url\" content=\"https:\/\/www.ucisperuanas.com\/pt-br\/sopemi\/\" \/>\r\n<meta property=\"og:site_name\" content=\"UCIs Peruanas\" \/>\r\n<meta property=\"article:modified_time\" content=\"2023-05-18T15:01:14+00:00\" \/>\r\n<meta property=\"og:image\" content=\"https:\/\/www.ucisperuanas.com\/wp-content\/uploads\/2023\/04\/logo-sopemi-grande-1.png\" \/>\r\n<meta name=\"twitter:card\" content=\"summary_large_image\" \/>\r\n<meta name=\"twitter:label1\" content=\"Est. tempo de leitura\" \/>\n\t<meta name=\"twitter:data1\" content=\"3 minutos\" \/>\r\n<script type=\"application\/ld+json\" class=\"yoast-schema-graph\">{\"@context\":\"https:\/\/schema.org\",\"@graph\":[{\"@type\":\"WebPage\",\"@id\":\"https:\/\/www.ucisperuanas.com\/pt-br\/sopemi\/\",\"url\":\"https:\/\/www.ucisperuanas.com\/pt-br\/sopemi\/\",\"name\":\"SOPEMI - UCIs Peruanas\",\"isPartOf\":{\"@id\":\"https:\/\/www.ucisperuanas.com\/pt-br\/#website\"},\"datePublished\":\"2023-04-19T14:19:11+00:00\",\"dateModified\":\"2023-05-18T15:01:14+00:00\",\"breadcrumb\":{\"@id\":\"https:\/\/www.ucisperuanas.com\/pt-br\/sopemi\/#breadcrumb\"},\"inLanguage\":\"pt-BR\",\"potentialAction\":[{\"@type\":\"ReadAction\",\"target\":[\"https:\/\/www.ucisperuanas.com\/pt-br\/sopemi\/\"]}]},{\"@type\":\"BreadcrumbList\",\"@id\":\"https:\/\/www.ucisperuanas.com\/pt-br\/sopemi\/#breadcrumb\",\"itemListElement\":[{\"@type\":\"ListItem\",\"position\":1,\"name\":\"In\u00edcio\",\"item\":\"https:\/\/www.ucisperuanas.com\/pt-br\/\"},{\"@type\":\"ListItem\",\"position\":2,\"name\":\"SOPEMI\"}]},{\"@type\":\"WebSite\",\"@id\":\"https:\/\/www.ucisperuanas.com\/pt-br\/#website\",\"url\":\"https:\/\/www.ucisperuanas.com\/pt-br\/\",\"name\":\"UCIs Peruanas\",\"description\":\"El proyecto denominado UCIs Peruanas tiene como objetivo caracterizar el perfil epidemiol\u00f3gico de las UCI peruanas\",\"potentialAction\":[{\"@type\":\"SearchAction\",\"target\":{\"@type\":\"EntryPoint\",\"urlTemplate\":\"https:\/\/www.ucisperuanas.com\/pt-br\/?s={search_term_string}\"},\"query-input\":\"required name=search_term_string\"}],\"inLanguage\":\"pt-BR\"}]}<\/script>\r\n<!-- \/ Yoast SEO plugin. -->","yoast_head_json":{"title":"SOPEMI - UCIs Peruanas","robots":{"index":"noindex","follow":"follow","max-snippet":"max-snippet:-1","max-image-preview":"max-image-preview:large","max-video-preview":"max-video-preview:-1"},"og_locale":"pt_BR","og_type":"article","og_title":"SOPEMI - UCIs Peruanas","og_description":"Sociedade Peruana de Medicina Intensiva (SOPEMI) A Sociedade Peruana de Medicina Intensiva (&#8220;SOPEMI&#8221;) \u00e9 uma entidade m\u00e9dica cient\u00edfica sem fins lucrativos que re\u00fane profissionais de sa\u00fade, cuja [&hellip;]","og_url":"https:\/\/www.ucisperuanas.com\/pt-br\/sopemi\/","og_site_name":"UCIs Peruanas","article_modified_time":"2023-05-18T15:01:14+00:00","og_image":[{"url":"https:\/\/www.ucisperuanas.com\/wp-content\/uploads\/2023\/04\/logo-sopemi-grande-1.png"}],"twitter_card":"summary_large_image","twitter_misc":{"Est. tempo de leitura":"3 minutos"},"schema":{"@context":"https:\/\/schema.org","@graph":[{"@type":"WebPage","@id":"https:\/\/www.ucisperuanas.com\/pt-br\/sopemi\/","url":"https:\/\/www.ucisperuanas.com\/pt-br\/sopemi\/","name":"SOPEMI - UCIs Peruanas","isPartOf":{"@id":"https:\/\/www.ucisperuanas.com\/pt-br\/#website"},"datePublished":"2023-04-19T14:19:11+00:00","dateModified":"2023-05-18T15:01:14+00:00","breadcrumb":{"@id":"https:\/\/www.ucisperuanas.com\/pt-br\/sopemi\/#breadcrumb"},"inLanguage":"pt-BR","potentialAction":[{"@type":"ReadAction","target":["https:\/\/www.ucisperuanas.com\/pt-br\/sopemi\/"]}]},{"@type":"BreadcrumbList","@id":"https:\/\/www.ucisperuanas.com\/pt-br\/sopemi\/#breadcrumb","itemListElement":[{"@type":"ListItem","position":1,"name":"In\u00edcio","item":"https:\/\/www.ucisperuanas.com\/pt-br\/"},{"@type":"ListItem","position":2,"name":"SOPEMI"}]},{"@type":"WebSite","@id":"https:\/\/www.ucisperuanas.com\/pt-br\/#website","url":"https:\/\/www.ucisperuanas.com\/pt-br\/","name":"UCIs Peruanas","description":"El proyecto denominado UCIs Peruanas tiene como objetivo caracterizar el perfil epidemiol\u00f3gico de las UCI peruanas","potentialAction":[{"@type":"SearchAction","target":{"@type":"EntryPoint","urlTemplate":"https:\/\/www.ucisperuanas.com\/pt-br\/?s={search_term_string}"},"query-input":"required name=search_term_string"}],"inLanguage":"pt-BR"}]}},"_links":{"self":[{"href":"https:\/\/www.ucisperuanas.com\/pt-br\/wp-json\/wp\/v2\/pages\/6043"}],"collection":[{"href":"https:\/\/www.ucisperuanas.com\/pt-br\/wp-json\/wp\/v2\/pages"}],"about":[{"href":"https:\/\/www.ucisperuanas.com\/pt-br\/wp-json\/wp\/v2\/types\/page"}],"author":[{"embeddable":true,"href":"https:\/\/www.ucisperuanas.com\/pt-br\/wp-json\/wp\/v2\/users\/1"}],"replies":[{"embeddable":true,"href":"https:\/\/www.ucisperuanas.com\/pt-br\/wp-json\/wp\/v2\/comments?post=6043"}],"version-history":[{"count":17,"href":"https:\/\/www.ucisperuanas.com\/pt-br\/wp-json\/wp\/v2\/pages\/6043\/revisions"}],"predecessor-version":[{"id":6249,"href":"https:\/\/www.ucisperuanas.com\/pt-br\/wp-json\/wp\/v2\/pages\/6043\/revisions\/6249"}],"wp:attachment":[{"href":"https:\/\/www.ucisperuanas.com\/pt-br\/wp-json\/wp\/v2\/media?parent=6043"}],"curies":[{"name":"wp","href":"https:\/\/api.w.org\/{rel}","templated":true}]}}