{"id":5176,"date":"2023-01-31T08:31:51","date_gmt":"2023-01-31T11:31:51","guid":{"rendered":"http:\/\/www.ucisecuatorianas.com\/epimed-solutions\/"},"modified":"2023-10-09T10:37:29","modified_gmt":"2023-10-09T13:37:29","slug":"epimed-solutions","status":"publish","type":"page","link":"https:\/\/www.ucisperuanas.com\/pt-br\/epimed-solutions\/","title":{"rendered":"Epimed Solutions"},"content":{"rendered":"\t\t<div data-elementor-type=\"wp-page\" data-elementor-id=\"5176\" class=\"elementor elementor-5176 elementor-5051\">\n\t\t\t\t\t\t\t\t\t<section class=\"elementor-section elementor-top-section elementor-element elementor-element-b5ab24e elementor-section-boxed elementor-section-height-default elementor-section-height-default\" data-id=\"b5ab24e\" data-element_type=\"section\">\n\t\t\t\t\t\t<div class=\"elementor-container elementor-column-gap-default\">\n\t\t\t\t\t<div class=\"elementor-column elementor-col-100 elementor-top-column elementor-element elementor-element-4f40ba7\" data-id=\"4f40ba7\" data-element_type=\"column\">\n\t\t\t<div class=\"elementor-widget-wrap elementor-element-populated\">\n\t\t\t\t\t\t\t\t<div class=\"elementor-element elementor-element-6d710cb elementor-widget elementor-widget-spacer\" data-id=\"6d710cb\" data-element_type=\"widget\" data-widget_type=\"spacer.default\">\n\t\t\t\t<div class=\"elementor-widget-container\">\n\t\t\t<style>\/*! elementor - v3.12.1 - 02-04-2023 *\/\n.elementor-column .elementor-spacer-inner{height:var(--spacer-size)}.e-con{--container-widget-width:100%}.e-con-inner>.elementor-widget-spacer,.e-con>.elementor-widget-spacer{width:var(--container-widget-width,var(--spacer-size));--align-self:var(--container-widget-align-self,initial);--flex-shrink:0}.e-con-inner>.elementor-widget-spacer>.elementor-widget-container,.e-con-inner>.elementor-widget-spacer>.elementor-widget-container>.elementor-spacer,.e-con>.elementor-widget-spacer>.elementor-widget-container,.e-con>.elementor-widget-spacer>.elementor-widget-container>.elementor-spacer{height:100%}.e-con-inner>.elementor-widget-spacer>.elementor-widget-container>.elementor-spacer>.elementor-spacer-inner,.e-con>.elementor-widget-spacer>.elementor-widget-container>.elementor-spacer>.elementor-spacer-inner{height:var(--container-widget-height,var(--spacer-size))}<\/style>\t\t<div class=\"elementor-spacer\">\n\t\t\t<div class=\"elementor-spacer-inner\"><\/div>\n\t\t<\/div>\n\t\t\t\t<\/div>\n\t\t\t\t<\/div>\n\t\t\t\t\t<\/div>\n\t\t<\/div>\n\t\t\t\t\t\t\t<\/div>\n\t\t<\/section>\n\t\t\t\t<section class=\"elementor-section elementor-top-section elementor-element elementor-element-83ef479 elementor-section-boxed elementor-section-height-default elementor-section-height-default\" data-id=\"83ef479\" data-element_type=\"section\" data-settings=\"{&quot;background_background&quot;:&quot;classic&quot;}\">\n\t\t\t\t\t\t\t<div class=\"elementor-background-overlay\"><\/div>\n\t\t\t\t\t\t\t<div class=\"elementor-container elementor-column-gap-default\">\n\t\t\t\t\t<div class=\"elementor-column elementor-col-33 elementor-top-column elementor-element elementor-element-9db02b3\" data-id=\"9db02b3\" data-element_type=\"column\">\n\t\t\t<div class=\"elementor-widget-wrap elementor-element-populated\">\n\t\t\t\t\t\t\t\t<div class=\"elementor-element elementor-element-67ea12a elementor-widget elementor-widget-heading\" data-id=\"67ea12a\" data-element_type=\"widget\" data-widget_type=\"heading.default\">\n\t\t\t\t<div class=\"elementor-widget-container\">\n\t\t\t<style>\/*! elementor - v3.12.1 - 02-04-2023 *\/\n.elementor-heading-title{padding:0;margin:0;line-height:1}.elementor-widget-heading .elementor-heading-title[class*=elementor-size-]>a{color:inherit;font-size:inherit;line-height:inherit}.elementor-widget-heading .elementor-heading-title.elementor-size-small{font-size:15px}.elementor-widget-heading .elementor-heading-title.elementor-size-medium{font-size:19px}.elementor-widget-heading .elementor-heading-title.elementor-size-large{font-size:29px}.elementor-widget-heading .elementor-heading-title.elementor-size-xl{font-size:39px}.elementor-widget-heading .elementor-heading-title.elementor-size-xxl{font-size:59px}<\/style><h1 class=\"elementor-heading-title elementor-size-large\">Epimed Solutions<\/h1>\t\t<\/div>\n\t\t\t\t<\/div>\n\t\t\t\t<div class=\"elementor-element elementor-element-44cd38a elementor-widget elementor-widget-text-editor\" data-id=\"44cd38a\" data-element_type=\"widget\" data-widget_type=\"text-editor.default\">\n\t\t\t\t<div class=\"elementor-widget-container\">\n\t\t\t<style>\/*! elementor - v3.12.1 - 02-04-2023 *\/\n.elementor-widget-text-editor.elementor-drop-cap-view-stacked .elementor-drop-cap{background-color:#69727d;color:#fff}.elementor-widget-text-editor.elementor-drop-cap-view-framed .elementor-drop-cap{color:#69727d;border:3px solid;background-color:transparent}.elementor-widget-text-editor:not(.elementor-drop-cap-view-default) .elementor-drop-cap{margin-top:8px}.elementor-widget-text-editor:not(.elementor-drop-cap-view-default) .elementor-drop-cap-letter{width:1em;height:1em}.elementor-widget-text-editor .elementor-drop-cap{float:left;text-align:center;line-height:1;font-size:50px}.elementor-widget-text-editor .elementor-drop-cap-letter{display:inline-block}<\/style>\t\t\t\t<p>A Epimed Solutions \u00e9 uma empresa de tecnologia especializada no desenvolvimento de softwares para gest\u00e3o de informa\u00e7\u00f5es cl\u00ednicas e epidemiol\u00f3gicas nas institui\u00e7\u00f5es de sa\u00fade. Por meio do acompanhamento e da an\u00e1lise de indicadores estrat\u00e9gicos, benchmarking qualificado em tempo real e an\u00e1lises preditivas, os sistemas da Epimed auxiliam os hospitais a realizarem a gest\u00e3o baseada em dados, orientando a tomada de decis\u00f5es e melhorando a utiliza\u00e7\u00e3o de recursos e processos.<\/p><p>Gra\u00e7as ao pioneirismo e \u00e0 excel\u00eancia da ferramenta, o Epimed Monitor \u00e9 o sistema l\u00edder de mercado e est\u00e1 presente em mais de 750 hospitais da Europa e da Am\u00e9rica Latina, em mais de 2.000 UTIs. O sistema tamb\u00e9m \u00e9 utilizado pelos registros nacionais de UTIs do Brasil, B\u00e9lgica, Col\u00f4mbia, Uruguai, M\u00e9xico, Paraguai, Equador, Peru, entre outros.<\/p><p>Para mais informa\u00e7\u00f5es, acesse: <a href=\"https:\/\/epimedsolutions.com\/\" target=\"_blank\" rel=\"noopener\">www.epimedsolutions.com<\/a><\/p>\t\t\t\t\t\t<\/div>\n\t\t\t\t<\/div>\n\t\t\t\t\t<\/div>\n\t\t<\/div>\n\t\t\t\t<div class=\"elementor-column elementor-col-66 elementor-top-column elementor-element elementor-element-6e74ff5\" data-id=\"6e74ff5\" data-element_type=\"column\">\n\t\t\t<div class=\"elementor-widget-wrap elementor-element-populated\">\n\t\t\t\t\t\t\t\t<div class=\"elementor-element elementor-element-ffe6e76 elementor-widget elementor-widget-spacer\" data-id=\"ffe6e76\" data-element_type=\"widget\" data-widget_type=\"spacer.default\">\n\t\t\t\t<div class=\"elementor-widget-container\">\n\t\t\t\t\t<div class=\"elementor-spacer\">\n\t\t\t<div class=\"elementor-spacer-inner\"><\/div>\n\t\t<\/div>\n\t\t\t\t<\/div>\n\t\t\t\t<\/div>\n\t\t\t\t<div class=\"elementor-element elementor-element-389ad2d elementor-widget elementor-widget-video\" data-id=\"389ad2d\" data-element_type=\"widget\" data-settings=\"{&quot;youtube_url&quot;:&quot;https:\\\/\\\/youtu.be\\\/EGLBl3cYWhY&quot;,&quot;video_type&quot;:&quot;youtube&quot;,&quot;controls&quot;:&quot;yes&quot;}\" data-widget_type=\"video.default\">\n\t\t\t\t<div class=\"elementor-widget-container\">\n\t\t\t<style>\/*! elementor - v3.12.1 - 02-04-2023 *\/\n.elementor-widget-video .elementor-widget-container{overflow:hidden;transform:translateZ(0)}.elementor-widget-video .elementor-wrapper iframe,.elementor-widget-video .elementor-wrapper video{height:100%;width:100%;display:flex;border:none;background-color:#000}.elementor-widget-video .elementor-open-inline .elementor-custom-embed-image-overlay{position:absolute;top:0;left:0;width:100%;height:100%;background-size:cover;background-position:50%}.elementor-widget-video .elementor-custom-embed-image-overlay{cursor:pointer;text-align:center}.elementor-widget-video .elementor-custom-embed-image-overlay:hover .elementor-custom-embed-play i{opacity:1}.elementor-widget-video .elementor-custom-embed-image-overlay img{display:block;width:100%}.elementor-widget-video .e-hosted-video .elementor-video{-o-object-fit:cover;object-fit:cover}.e-con-inner>.elementor-widget-video,.e-con>.elementor-widget-video{width:var(--container-widget-width);--flex-grow:var(--container-widget-flex-grow)}<\/style>\t\t<div class=\"elementor-wrapper elementor-open-inline\">\n\t\t\t<div class=\"elementor-video\"><\/div>\t\t<\/div>\n\t\t\t\t<\/div>\n\t\t\t\t<\/div>\n\t\t\t\t\t<\/div>\n\t\t<\/div>\n\t\t\t\t\t\t\t<\/div>\n\t\t<\/section>\n\t\t\t\t\t\t\t<\/div>\n\t\t","protected":false},"excerpt":{"rendered":"<p>Epimed Solutions A Epimed Solutions \u00e9 uma empresa de tecnologia especializada no desenvolvimento de softwares para gest\u00e3o de informa\u00e7\u00f5es cl\u00ednicas e epidemiol\u00f3gicas nas institui\u00e7\u00f5es de sa\u00fade. Por [&hellip;]<\/p>\n","protected":false},"author":1,"featured_media":0,"parent":0,"menu_order":0,"comment_status":"closed","ping_status":"closed","template":"tpl\/front-page.php","meta":[],"yoast_head":"<!-- This site is optimized with the Yoast SEO plugin v20.5 - https:\/\/yoast.com\/wordpress\/plugins\/seo\/ -->\r\n<title>Epimed Solutions - UCIs Peruanas<\/title>\r\n<meta name=\"robots\" content=\"noindex, follow, max-snippet:-1, max-image-preview:large, max-video-preview:-1\" \/>\r\n<meta property=\"og:locale\" content=\"pt_BR\" \/>\r\n<meta property=\"og:type\" content=\"article\" \/>\r\n<meta property=\"og:title\" content=\"Epimed Solutions - UCIs Peruanas\" \/>\r\n<meta property=\"og:description\" content=\"Epimed Solutions A Epimed Solutions \u00e9 uma empresa de tecnologia especializada no desenvolvimento de softwares para gest\u00e3o de informa\u00e7\u00f5es cl\u00ednicas e epidemiol\u00f3gicas nas institui\u00e7\u00f5es de sa\u00fade. Por [&hellip;]\" \/>\r\n<meta property=\"og:url\" content=\"https:\/\/www.ucisperuanas.com\/pt-br\/epimed-solutions\/\" \/>\r\n<meta property=\"og:site_name\" content=\"UCIs Peruanas\" \/>\r\n<meta property=\"article:modified_time\" content=\"2023-10-09T13:37:29+00:00\" \/>\r\n<meta name=\"twitter:card\" content=\"summary_large_image\" \/>\r\n<meta name=\"twitter:label1\" content=\"Est. tempo de leitura\" \/>\n\t<meta name=\"twitter:data1\" content=\"1 minuto\" \/>\r\n<script type=\"application\/ld+json\" class=\"yoast-schema-graph\">{\"@context\":\"https:\/\/schema.org\",\"@graph\":[{\"@type\":\"WebPage\",\"@id\":\"https:\/\/www.ucisperuanas.com\/pt-br\/epimed-solutions\/\",\"url\":\"https:\/\/www.ucisperuanas.com\/pt-br\/epimed-solutions\/\",\"name\":\"Epimed Solutions - UCIs Peruanas\",\"isPartOf\":{\"@id\":\"https:\/\/www.ucisperuanas.com\/pt-br\/#website\"},\"datePublished\":\"2023-01-31T11:31:51+00:00\",\"dateModified\":\"2023-10-09T13:37:29+00:00\",\"breadcrumb\":{\"@id\":\"https:\/\/www.ucisperuanas.com\/pt-br\/epimed-solutions\/#breadcrumb\"},\"inLanguage\":\"pt-BR\",\"potentialAction\":[{\"@type\":\"ReadAction\",\"target\":[\"https:\/\/www.ucisperuanas.com\/pt-br\/epimed-solutions\/\"]}]},{\"@type\":\"BreadcrumbList\",\"@id\":\"https:\/\/www.ucisperuanas.com\/pt-br\/epimed-solutions\/#breadcrumb\",\"itemListElement\":[{\"@type\":\"ListItem\",\"position\":1,\"name\":\"In\u00edcio\",\"item\":\"https:\/\/www.ucisperuanas.com\/pt-br\/\"},{\"@type\":\"ListItem\",\"position\":2,\"name\":\"Epimed Solutions\"}]},{\"@type\":\"WebSite\",\"@id\":\"https:\/\/www.ucisperuanas.com\/pt-br\/#website\",\"url\":\"https:\/\/www.ucisperuanas.com\/pt-br\/\",\"name\":\"UCIs Peruanas\",\"description\":\"El proyecto denominado UCIs Peruanas tiene como objetivo caracterizar el perfil epidemiol\u00f3gico de las UCI peruanas\",\"potentialAction\":[{\"@type\":\"SearchAction\",\"target\":{\"@type\":\"EntryPoint\",\"urlTemplate\":\"https:\/\/www.ucisperuanas.com\/pt-br\/?s={search_term_string}\"},\"query-input\":\"required name=search_term_string\"}],\"inLanguage\":\"pt-BR\"}]}<\/script>\r\n<!-- \/ Yoast SEO plugin. -->","yoast_head_json":{"title":"Epimed Solutions - UCIs Peruanas","robots":{"index":"noindex","follow":"follow","max-snippet":"max-snippet:-1","max-image-preview":"max-image-preview:large","max-video-preview":"max-video-preview:-1"},"og_locale":"pt_BR","og_type":"article","og_title":"Epimed Solutions - UCIs Peruanas","og_description":"Epimed Solutions A Epimed Solutions \u00e9 uma empresa de tecnologia especializada no desenvolvimento de softwares para gest\u00e3o de informa\u00e7\u00f5es cl\u00ednicas e epidemiol\u00f3gicas nas institui\u00e7\u00f5es de sa\u00fade. Por [&hellip;]","og_url":"https:\/\/www.ucisperuanas.com\/pt-br\/epimed-solutions\/","og_site_name":"UCIs Peruanas","article_modified_time":"2023-10-09T13:37:29+00:00","twitter_card":"summary_large_image","twitter_misc":{"Est. tempo de leitura":"1 minuto"},"schema":{"@context":"https:\/\/schema.org","@graph":[{"@type":"WebPage","@id":"https:\/\/www.ucisperuanas.com\/pt-br\/epimed-solutions\/","url":"https:\/\/www.ucisperuanas.com\/pt-br\/epimed-solutions\/","name":"Epimed Solutions - UCIs Peruanas","isPartOf":{"@id":"https:\/\/www.ucisperuanas.com\/pt-br\/#website"},"datePublished":"2023-01-31T11:31:51+00:00","dateModified":"2023-10-09T13:37:29+00:00","breadcrumb":{"@id":"https:\/\/www.ucisperuanas.com\/pt-br\/epimed-solutions\/#breadcrumb"},"inLanguage":"pt-BR","potentialAction":[{"@type":"ReadAction","target":["https:\/\/www.ucisperuanas.com\/pt-br\/epimed-solutions\/"]}]},{"@type":"BreadcrumbList","@id":"https:\/\/www.ucisperuanas.com\/pt-br\/epimed-solutions\/#breadcrumb","itemListElement":[{"@type":"ListItem","position":1,"name":"In\u00edcio","item":"https:\/\/www.ucisperuanas.com\/pt-br\/"},{"@type":"ListItem","position":2,"name":"Epimed Solutions"}]},{"@type":"WebSite","@id":"https:\/\/www.ucisperuanas.com\/pt-br\/#website","url":"https:\/\/www.ucisperuanas.com\/pt-br\/","name":"UCIs Peruanas","description":"El proyecto denominado UCIs Peruanas tiene como objetivo caracterizar el perfil epidemiol\u00f3gico de las UCI peruanas","potentialAction":[{"@type":"SearchAction","target":{"@type":"EntryPoint","urlTemplate":"https:\/\/www.ucisperuanas.com\/pt-br\/?s={search_term_string}"},"query-input":"required name=search_term_string"}],"inLanguage":"pt-BR"}]}},"_links":{"self":[{"href":"https:\/\/www.ucisperuanas.com\/pt-br\/wp-json\/wp\/v2\/pages\/5176"}],"collection":[{"href":"https:\/\/www.ucisperuanas.com\/pt-br\/wp-json\/wp\/v2\/pages"}],"about":[{"href":"https:\/\/www.ucisperuanas.com\/pt-br\/wp-json\/wp\/v2\/types\/page"}],"author":[{"embeddable":true,"href":"https:\/\/www.ucisperuanas.com\/pt-br\/wp-json\/wp\/v2\/users\/1"}],"replies":[{"embeddable":true,"href":"https:\/\/www.ucisperuanas.com\/pt-br\/wp-json\/wp\/v2\/comments?post=5176"}],"version-history":[{"count":37,"href":"https:\/\/www.ucisperuanas.com\/pt-br\/wp-json\/wp\/v2\/pages\/5176\/revisions"}],"predecessor-version":[{"id":6357,"href":"https:\/\/www.ucisperuanas.com\/pt-br\/wp-json\/wp\/v2\/pages\/5176\/revisions\/6357"}],"wp:attachment":[{"href":"https:\/\/www.ucisperuanas.com\/pt-br\/wp-json\/wp\/v2\/media?parent=5176"}],"curies":[{"name":"wp","href":"https:\/\/api.w.org\/{rel}","templated":true}]}}